{"id":154,"date":"2018-05-24T21:44:19","date_gmt":"2018-05-24T19:44:19","guid":{"rendered":"http:\/\/foerderverein-stueps-westig.de\/?page_id=154"},"modified":"2026-04-10T14:02:34","modified_gmt":"2026-04-10T12:02:34","slug":"impressum","status":"publish","type":"page","link":"https:\/\/foerderverein-stueps-westig.de\/?page_id=154","title":{"rendered":"Impressum"},"content":{"rendered":"<p><strong>F\u00f6rderverein ST\u00dcPS Westig e.V.<br \/>\n<\/strong>Uhlandstra\u00dfe 20<br \/>\n58675 Hemer<\/p>\n<p><b>Telefon:<\/b> 0 23 72 \/ 55 98 968<br \/>\n<strong>EMail:<\/strong> vorstand@foerderverein-stueps-westig.de<\/p>\n<p><b>Gemeinschaftlich<br \/>\nvertretungsberechtigt: <\/b><br \/>\n<b>1. Vorsitzender:<\/b><br \/>\nThomas Krone<\/p>\n<p><b>Telefon:<\/b> 0174 \/ 9010 610<\/p>\n<p><b>V.i.S.d \u00a7 55 Abs. 2 RStV:<\/b><br \/>\nThomas Krone<\/p>\n<p>J\u00e4gerstra\u00dfe 3a<br \/>\n58675 Hemer<\/p>\n","protected":false},"excerpt":{"rendered":"<p>F\u00f6rderverein ST\u00dcPS Westig e.V. Uhlandstra\u00dfe 20 58675 Hemer Telefon: 0 23 72 \/ 55 98 968 EMail: vorstand@foerderverein-stueps-westig.de Gemeinschaftlich vertretungsberechtigt: 1. Vorsitzender: Thomas Krone Telefon: 0174 \/ 9010 610 V.i.S.d \u00a7 55 Abs. 2 RStV: Thomas Krone J\u00e4gerstra\u00dfe 3a 58675 Hemer<\/p>\n","protected":false},"author":1,"featured_media":0,"parent":0,"menu_order":0,"comment_status":"closed","ping_status":"closed","template":"","meta":{"footnotes":""},"class_list":["post-154","page","type-page","status-publish","hentry"],"_links":{"self":[{"href":"https:\/\/foerderverein-stueps-westig.de\/index.php?rest_route=\/wp\/v2\/pages\/154","targetHints":{"allow":["GET"]}}],"collection":[{"href":"https:\/\/foerderverein-stueps-westig.de\/index.php?rest_route=\/wp\/v2\/pages"}],"about":[{"href":"https:\/\/foerderverein-stueps-westig.de\/index.php?rest_route=\/wp\/v2\/types\/page"}],"author":[{"embeddable":true,"href":"https:\/\/foerderverein-stueps-westig.de\/index.php?rest_route=\/wp\/v2\/users\/1"}],"replies":[{"embeddable":true,"href":"https:\/\/foerderverein-stueps-westig.de\/index.php?rest_route=%2Fwp%2Fv2%2Fcomments&post=154"}],"version-history":[{"count":5,"href":"https:\/\/foerderverein-stueps-westig.de\/index.php?rest_route=\/wp\/v2\/pages\/154\/revisions"}],"predecessor-version":[{"id":291,"href":"https:\/\/foerderverein-stueps-westig.de\/index.php?rest_route=\/wp\/v2\/pages\/154\/revisions\/291"}],"wp:attachment":[{"href":"https:\/\/foerderverein-stueps-westig.de\/index.php?rest_route=%2Fwp%2Fv2%2Fmedia&parent=154"}],"curies":[{"name":"wp","href":"https:\/\/api.w.org\/{rel}","templated":true}]}}